{"id":1001,"date":"2017-12-28T15:02:57","date_gmt":"2017-12-28T15:02:57","guid":{"rendered":"http:\/\/bernhards-botanik.de\/?page_id=1001"},"modified":"2017-12-28T15:12:10","modified_gmt":"2017-12-28T15:12:10","slug":"muschelkalkpflanzen","status":"publish","type":"page","link":"https:\/\/bernhards-botanik.de\/?page_id=1001","title":{"rendered":"Muschelkalkpflanzen"},"content":{"rendered":"<p>Die Vegetation im mainfr\u00e4nkischen Muschelkalk ist sehr artenreich.<br \/>\nAllein im NSG Bereich Grainberg-Kalbenstein-Saupurzel (alle bei Karlstadt) kommen ca. 600 Farn- und Bl\u00fctenpflanzen vor.<br \/>\nIch m\u00f6chte hier einige interessante Arten in wechselnden Bildern vorstellen.<br \/>\nNat\u00fcrlich werde ich auch Arten vom benachbarten Buntsandstein und anderen Biotopen zeigen.<\/p>\n<!-- index.php -->\n<div\n\tclass=\"ngg-galleryoverview ngg-ajax-pagination-none\"\n\tid=\"ngg-gallery-79e782b6fcc5f19a0991c6234d7ee74f-1\">\n\n    \t<div class=\"slideshowlink\">\n        <a href='https:\/\/bernhards-botanik.de\/index.php\/nggallery\/slideshow?page_id=1001'>[Zeige eine Slideshow]<\/a>\n\t\t\n\t<\/div>\n\t\t\t<!-- Thumbnails -->\n\t\t\t\t<div id=\"ngg-image-0\" class=\"ngg-gallery-thumbnail-box\" >\n\t\t\t\t        <div class=\"ngg-gallery-thumbnail\">\n            <a href=\"https:\/\/bernhards-botanik.de\/wp-content\/gallery\/muschelkalkpflanzen\/Blaugruner-Faserschirm-Trinia-glauca.JPG\"\n               title=\"Blaugruner-Faserschirm Trinia-glauca\"\n               data-src=\"https:\/\/bernhards-botanik.de\/wp-content\/gallery\/muschelkalkpflanzen\/Blaugruner-Faserschirm-Trinia-glauca.JPG\"\n               data-thumbnail=\"https:\/\/bernhards-botanik.de\/wp-content\/gallery\/muschelkalkpflanzen\/thumbs\/thumbs_Blaugruner-Faserschirm-Trinia-glauca.JPG\"\n               data-image-id=\"443\"\n               data-title=\"Blaugruner-Faserschirm Trinia-glauca\"\n               data-description=\"Blaugruner-Faserschirm Trinia-glauca\"\n               data-image-slug=\"blaugruner-faserschirm-trinia-glauca\"\n               class=\"ngg-fancybox\" rel=\"79e782b6fcc5f19a0991c6234d7ee74f\">\n                <img\n                    title=\"Blaugruner-Faserschirm Trinia-glauca\"\n                    alt=\"Blaugruner-Faserschirm Trinia-glauca\"\n                    src=\"https:\/\/bernhards-botanik.de\/wp-content\/gallery\/muschelkalkpflanzen\/thumbs\/thumbs_Blaugruner-Faserschirm-Trinia-glauca.JPG\"\n                    width=\"120\"\n                    height=\"90\"\n                    style=\"max-width:100%;\"\n                \/>\n            <\/a>\n        <\/div>\n\t\t\t\t\t\t\t<\/div> \n\t\t\t\n        \n\t\t\t\t<div id=\"ngg-image-1\" class=\"ngg-gallery-thumbnail-box\" >\n\t\t\t\t        <div class=\"ngg-gallery-thumbnail\">\n            <a href=\"https:\/\/bernhards-botanik.de\/wp-content\/gallery\/muschelkalkpflanzen\/Erdsegge-Carex-humilis.JPG\"\n               title=\"Erdsegge Carex-humilis\"\n               data-src=\"https:\/\/bernhards-botanik.de\/wp-content\/gallery\/muschelkalkpflanzen\/Erdsegge-Carex-humilis.JPG\"\n               data-thumbnail=\"https:\/\/bernhards-botanik.de\/wp-content\/gallery\/muschelkalkpflanzen\/thumbs\/thumbs_Erdsegge-Carex-humilis.JPG\"\n               data-image-id=\"444\"\n               data-title=\"Erdsegge Carex-humilis\"\n               data-description=\"Erdsegge Carex-humilis\"\n               data-image-slug=\"erdsegge-carex-humilis\"\n               class=\"ngg-fancybox\" rel=\"79e782b6fcc5f19a0991c6234d7ee74f\">\n                <img\n                    title=\"Erdsegge Carex-humilis\"\n                    alt=\"Erdsegge Carex-humilis\"\n                    src=\"https:\/\/bernhards-botanik.de\/wp-content\/gallery\/muschelkalkpflanzen\/thumbs\/thumbs_Erdsegge-Carex-humilis.JPG\"\n                    width=\"120\"\n                    height=\"90\"\n                    style=\"max-width:100%;\"\n                \/>\n            <\/a>\n        <\/div>\n\t\t\t\t\t\t\t<\/div> \n\t\t\t\n        \n\t\t\t\t<div id=\"ngg-image-2\" class=\"ngg-gallery-thumbnail-box\" >\n\t\t\t\t        <div class=\"ngg-gallery-thumbnail\">\n            <a href=\"https:\/\/bernhards-botanik.de\/wp-content\/gallery\/muschelkalkpflanzen\/Silberdistel-Carlina-acaulis.JPG\"\n               title=\"Silberdistel Carlina-acaulis\"\n               data-src=\"https:\/\/bernhards-botanik.de\/wp-content\/gallery\/muschelkalkpflanzen\/Silberdistel-Carlina-acaulis.JPG\"\n               data-thumbnail=\"https:\/\/bernhards-botanik.de\/wp-content\/gallery\/muschelkalkpflanzen\/thumbs\/thumbs_Silberdistel-Carlina-acaulis.JPG\"\n               data-image-id=\"460\"\n               data-title=\"Silberdistel Carlina-acaulis\"\n               data-description=\"Silberdistel Carlina-acaulis\"\n               data-image-slug=\"silberdistel-carlina-acaulis\"\n               class=\"ngg-fancybox\" rel=\"79e782b6fcc5f19a0991c6234d7ee74f\">\n                <img\n                    title=\"Silberdistel Carlina-acaulis\"\n                    alt=\"Silberdistel Carlina-acaulis\"\n                    src=\"https:\/\/bernhards-botanik.de\/wp-content\/gallery\/muschelkalkpflanzen\/thumbs\/thumbs_Silberdistel-Carlina-acaulis.JPG\"\n                    width=\"120\"\n                    height=\"90\"\n                    style=\"max-width:100%;\"\n                \/>\n            <\/a>\n        <\/div>\n\t\t\t\t\t\t\t<\/div> \n\t\t\t\n        \n\t\t\t\t<div id=\"ngg-image-3\" class=\"ngg-gallery-thumbnail-box\" >\n\t\t\t\t        <div class=\"ngg-gallery-thumbnail\">\n            <a href=\"https:\/\/bernhards-botanik.de\/wp-content\/gallery\/muschelkalkpflanzen\/Adonisr%C3%B6schen-Adonis-vernalis.JPG\"\n               title=\"Adonisr\u00f6schen Adonis vernalis\"\n               data-src=\"https:\/\/bernhards-botanik.de\/wp-content\/gallery\/muschelkalkpflanzen\/Adonisr%C3%B6schen-Adonis-vernalis.JPG\"\n               data-thumbnail=\"https:\/\/bernhards-botanik.de\/wp-content\/gallery\/muschelkalkpflanzen\/thumbs\/thumbs_Adonisr%C3%B6schen-Adonis-vernalis.JPG\"\n               data-image-id=\"463\"\n               data-title=\"Adonisr\u00f6schen Adonis vernalis\"\n               data-description=\"Adonisr\u00f6schen Adonis vernalis\"\n               data-image-slug=\"adonisr%c3%b6schen-adonis-vernalis\"\n               class=\"ngg-fancybox\" rel=\"79e782b6fcc5f19a0991c6234d7ee74f\">\n                <img\n                    title=\"Adonisr\u00f6schen Adonis vernalis\"\n                    alt=\"Adonisr\u00f6schen Adonis vernalis\"\n                    src=\"https:\/\/bernhards-botanik.de\/wp-content\/gallery\/muschelkalkpflanzen\/thumbs\/thumbs_Adonisr%C3%B6schen-Adonis-vernalis.JPG\"\n                    width=\"120\"\n                    height=\"90\"\n                    style=\"max-width:100%;\"\n                \/>\n            <\/a>\n        <\/div>\n\t\t\t\t\t\t\t<\/div> \n\t\t\t\n        \n\t\t\t\t<div id=\"ngg-image-4\" class=\"ngg-gallery-thumbnail-box\" >\n\t\t\t\t        <div class=\"ngg-gallery-thumbnail\">\n            <a href=\"https:\/\/bernhards-botanik.de\/wp-content\/gallery\/muschelkalkpflanzen\/K%C3%BCchenschelle-Pulsatilla-vulgaris.JPG\"\n               title=\"K\u00fcchenschelle Pulsatilla vulgaris\"\n               data-src=\"https:\/\/bernhards-botanik.de\/wp-content\/gallery\/muschelkalkpflanzen\/K%C3%BCchenschelle-Pulsatilla-vulgaris.JPG\"\n               data-thumbnail=\"https:\/\/bernhards-botanik.de\/wp-content\/gallery\/muschelkalkpflanzen\/thumbs\/thumbs_K%C3%BCchenschelle-Pulsatilla-vulgaris.JPG\"\n               data-image-id=\"464\"\n               data-title=\"K\u00fcchenschelle Pulsatilla vulgaris\"\n               data-description=\"K\u00fcchenschelle Pulsatilla vulgaris\"\n               data-image-slug=\"k%c3%bcchenschelle-pulsatilla-vulgaris\"\n               class=\"ngg-fancybox\" rel=\"79e782b6fcc5f19a0991c6234d7ee74f\">\n                <img\n                    title=\"K\u00fcchenschelle Pulsatilla vulgaris\"\n                    alt=\"K\u00fcchenschelle Pulsatilla vulgaris\"\n                    src=\"https:\/\/bernhards-botanik.de\/wp-content\/gallery\/muschelkalkpflanzen\/thumbs\/thumbs_K%C3%BCchenschelle-Pulsatilla-vulgaris.JPG\"\n                    width=\"120\"\n                    height=\"90\"\n                    style=\"max-width:100%;\"\n                \/>\n            <\/a>\n        <\/div>\n\t\t\t\t\t\t\t<\/div> \n\t\t\t\n        \n\t\t\n\t\t<!-- Pagination -->\n\t<div class='ngg-clear'><\/div>\t<\/div>\n\n","protected":false},"excerpt":{"rendered":"<p>Die Vegetation im mainfr\u00e4nkischen Muschelkalk ist sehr artenreich. Allein im NSG Bereich Grainberg-Kalbenstein-Saupurzel (alle bei Karlstadt) kommen ca. 600 Farn- und Bl\u00fctenpflanzen vor. Ich m\u00f6chte hier einige interessante Arten in wechselnden Bildern vorstellen. Nat\u00fcrlich werde ich auch Arten vom benachbarten &hellip; <a href=\"https:\/\/bernhards-botanik.de\/?page_id=1001\">Weiterlesen<\/a><\/p>\n","protected":false},"author":2,"featured_media":0,"parent":5,"menu_order":0,"comment_status":"closed","ping_status":"closed","template":"","meta":{"ngg_post_thumbnail":0},"_links":{"self":[{"href":"https:\/\/bernhards-botanik.de\/index.php?rest_route=\/wp\/v2\/pages\/1001"}],"collection":[{"href":"https:\/\/bernhards-botanik.de\/index.php?rest_route=\/wp\/v2\/pages"}],"about":[{"href":"https:\/\/bernhards-botanik.de\/index.php?rest_route=\/wp\/v2\/types\/page"}],"author":[{"embeddable":true,"href":"https:\/\/bernhards-botanik.de\/index.php?rest_route=\/wp\/v2\/users\/2"}],"replies":[{"embeddable":true,"href":"https:\/\/bernhards-botanik.de\/index.php?rest_route=%2Fwp%2Fv2%2Fcomments&post=1001"}],"version-history":[{"count":2,"href":"https:\/\/bernhards-botanik.de\/index.php?rest_route=\/wp\/v2\/pages\/1001\/revisions"}],"predecessor-version":[{"id":1005,"href":"https:\/\/bernhards-botanik.de\/index.php?rest_route=\/wp\/v2\/pages\/1001\/revisions\/1005"}],"up":[{"embeddable":true,"href":"https:\/\/bernhards-botanik.de\/index.php?rest_route=\/wp\/v2\/pages\/5"}],"wp:attachment":[{"href":"https:\/\/bernhards-botanik.de\/index.php?rest_route=%2Fwp%2Fv2%2Fmedia&parent=1001"}],"curies":[{"name":"wp","href":"https:\/\/api.w.org\/{rel}","templated":true}]}}