{"id":1059,"date":"2018-05-09T20:25:00","date_gmt":"2018-05-09T20:25:00","guid":{"rendered":"http:\/\/bernhards-botanik.de\/?page_id=1059"},"modified":"2018-05-09T20:25:00","modified_gmt":"2018-05-09T20:25:00","slug":"datenschutz","status":"publish","type":"page","link":"https:\/\/bernhards-botanik.de\/?page_id=1059","title":{"rendered":"Datenschutz"},"content":{"rendered":"<h2>Datenschutzerkl\u00e4rung<\/h2>\n<p>Verantwortliche Stelle im Sinne der Datenschutzgesetze ist:<\/p>\n<p>Bernhard Dill<\/p>\n<h3>Cookies<\/h3>\n<p>Wie viele andere Webseiten verwenden wir auch so genannte \u201eCookies\u201c. Cookies sind kleine Textdateien, die von einem Webseitenserver auf Ihre Festplatte \u00fcbertragen werden. Hierdurch erhalten wir automatisch bestimmte Daten wie z. B. IP-Adresse, verwendeter Browser, Betriebssystem \u00fcber Ihren Computer und Ihre Verbindung zum Internet.<\/p>\n<p>Cookies k\u00f6nnen nicht verwendet werden, um Programme zu starten oder Viren auf einen Computer zu \u00fcbertragen. Anhand der in Cookies enthaltenen Informationen k\u00f6nnen wir Ihnen die Navigation erleichtern und die korrekte Anzeige unserer Webseiten erm\u00f6glichen.<\/p>\n<p>In keinem Fall werden die von uns erfassten Daten an Dritte weitergegeben oder ohne Ihre Einwilligung eine Verkn\u00fcpfung mit personenbezogenen Daten hergestellt.<\/p>\n<p>Nat\u00fcrlich k\u00f6nnen Sie unsere Website grunds\u00e4tzlich auch ohne Cookies betrachten. Internet-Browser sind regelm\u00e4\u00dfig so eingestellt, dass sie Cookies akzeptieren. Sie k\u00f6nnen die Verwendung von Cookies jederzeit \u00fcber die Einstellungen Ihres Browsers deaktivieren. Bitte verwenden Sie die Hilfefunktionen Ihres Internetbrowsers, um zu erfahren, wie Sie diese Einstellungen \u00e4ndern k\u00f6nnen. Bitte beachten Sie, dass einzelne Funktionen unserer Website m\u00f6glicherweise nicht funktionieren, wenn Sie die Verwendung von Cookies deaktiviert haben.<\/p>\n<h3>SSL-Verschl\u00fcsselung<\/h3>\n<p>Um die Sicherheit Ihrer Daten bei der \u00dcbertragung zu sch\u00fctzen, verwenden wir dem aktuellen Stand der Technik entsprechende Verschl\u00fcsselungsverfahren (z. B. SSL) \u00fcber HTTPS.<\/p>\n<h3>Verwendung von Scriptbibliotheken (Google Webfonts)<\/h3>\n<p>Um unsere Inhalte browser\u00fcbergreifend korrekt und grafisch ansprechend darzustellen, verwenden wir auf dieser Website Scriptbibliotheken und Schriftbibliotheken wie z. B. Google Webfonts (<a href=\"http:\/\/www.google.com\/webfonts\/\">https:\/\/www.google.com\/webfonts\/<\/a>). Google Webfonts werden zur Vermeidung mehrfachen Ladens in den Cache Ihres Browsers \u00fcbertragen. Falls der Browser die Google Webfonts nicht unterst\u00fctzt oder den Zugriff unterbindet, werden Inhalte in einer Standardschrift angezeigt.<\/p>\n<p>Der Aufruf von Scriptbibliotheken oder Schriftbibliotheken l\u00f6st automatisch eine Verbindung zum Betreiber der Bibliothek aus. Dabei ist es theoretisch m\u00f6glich \u2013 aktuell allerdings auch unklar ob und ggf. zu welchen Zwecken \u2013 dass Betreiber entsprechender Bibliotheken Daten erheben.<\/p>\n<p>Die Datenschutzrichtlinie des Bibliothekbetreibers Google finden Sie hier: <a href=\"https:\/\/www.google.com\/policies\/privacy\/\">https:\/\/www.google.com\/policies\/privacy\/<\/a><\/p>\n<h3>Verwendung von Google Maps<\/h3>\n<p>Diese Webseite verwendet Google Maps API, um geographische Informationen visuell darzustellen. Bei der Nutzung von Google Maps werden von Google auch Daten \u00fcber die Nutzung der Kartenfunktionen durch Besucher erhoben, verarbeitet und genutzt. N\u00e4here Informationen \u00fcber die Datenverarbeitung durch Google k\u00f6nnen Sie <a href=\"http:\/\/www.google.com\/privacypolicy.html\">den Google-Datenschutzhinweisen<\/a> entnehmen. Dort k\u00f6nnen Sie im Datenschutzcenter auch Ihre pers\u00f6nlichen Datenschutz-Einstellungen ver\u00e4ndern.<\/p>\n<p>Ausf\u00fchrliche Anleitungen zur Verwaltung der eigenen Daten im Zusammenhang mit Google-Produkten<a href=\"http:\/\/www.dataliberation.org\/\"> finden Sie hier<\/a>.<\/p>\n<h3>Ihre Rechte auf Auskunft, Berichtigung, Sperre, L\u00f6schung und Widerspruch<\/h3>\n<p>Sie haben das Recht, jederzeit Auskunft \u00fcber Ihre bei uns gespeicherten personenbezogenen Daten zu erhalten. Ebenso haben Sie das Recht auf Berichtigung, Sperrung oder, abgesehen von der vorgeschriebenen Datenspeicherung zur Gesch\u00e4ftsabwicklung, L\u00f6schung Ihrer personenbezogenen Daten. Bitte wenden Sie sich dazu an unseren Datenschutzbeauftragten. Die Kontaktdaten finden Sie ganz unten.<\/p>\n<h3>\u00c4nderung unserer Datenschutzbestimmungen<\/h3>\n<p>Wir behalten uns vor, diese Datenschutzerkl\u00e4rung gelegentlich anzupassen, damit sie stets den aktuellen rechtlichen Anforderungen entspricht oder um \u00c4nderungen unserer Leistungen in der Datenschutzerkl\u00e4rung umzusetzen, z. B. bei der Einf\u00fchrung neuer Services. F\u00fcr Ihren erneuten Besuch gilt dann die neue Datenschutzerkl\u00e4rung.<\/p>\n<p><em>Die Datenschutzerkl\u00e4rung wurde mit dem <\/em><a href=\"https:\/\/www.activemind.de\/datenschutz\/datenschutzhinweis-generator\/\"><em>Datenschutzerkl\u00e4rungs-Generator der activeMind AG erstellt<\/em><\/a><em>.<\/em><\/p>\n","protected":false},"excerpt":{"rendered":"<p>Datenschutzerkl\u00e4rung Verantwortliche Stelle im Sinne der Datenschutzgesetze ist: Bernhard Dill Cookies Wie viele andere Webseiten verwenden wir auch so genannte \u201eCookies\u201c. Cookies sind kleine Textdateien, die von einem Webseitenserver auf Ihre Festplatte \u00fcbertragen werden. Hierdurch erhalten wir automatisch bestimmte Daten &hellip; <a href=\"https:\/\/bernhards-botanik.de\/?page_id=1059\">Weiterlesen<\/a><\/p>\n","protected":false},"author":1,"featured_media":0,"parent":11,"menu_order":0,"comment_status":"closed","ping_status":"closed","template":"","meta":{"ngg_post_thumbnail":0},"_links":{"self":[{"href":"https:\/\/bernhards-botanik.de\/index.php?rest_route=\/wp\/v2\/pages\/1059"}],"collection":[{"href":"https:\/\/bernhards-botanik.de\/index.php?rest_route=\/wp\/v2\/pages"}],"about":[{"href":"https:\/\/bernhards-botanik.de\/index.php?rest_route=\/wp\/v2\/types\/page"}],"author":[{"embeddable":true,"href":"https:\/\/bernhards-botanik.de\/index.php?rest_route=\/wp\/v2\/users\/1"}],"replies":[{"embeddable":true,"href":"https:\/\/bernhards-botanik.de\/index.php?rest_route=%2Fwp%2Fv2%2Fcomments&post=1059"}],"version-history":[{"count":2,"href":"https:\/\/bernhards-botanik.de\/index.php?rest_route=\/wp\/v2\/pages\/1059\/revisions"}],"predecessor-version":[{"id":1061,"href":"https:\/\/bernhards-botanik.de\/index.php?rest_route=\/wp\/v2\/pages\/1059\/revisions\/1061"}],"up":[{"embeddable":true,"href":"https:\/\/bernhards-botanik.de\/index.php?rest_route=\/wp\/v2\/pages\/11"}],"wp:attachment":[{"href":"https:\/\/bernhards-botanik.de\/index.php?rest_route=%2Fwp%2Fv2%2Fmedia&parent=1059"}],"curies":[{"name":"wp","href":"https:\/\/api.w.org\/{rel}","templated":true}]}}