{"id":13,"date":"2010-09-17T11:12:35","date_gmt":"2010-09-17T11:12:35","guid":{"rendered":"http:\/\/bernhards-botanik.de\/?page_id=13"},"modified":"2017-12-10T17:45:04","modified_gmt":"2017-12-10T17:45:04","slug":"uber-anl-zertifizierung","status":"publish","type":"page","link":"https:\/\/bernhards-botanik.de\/?page_id=13","title":{"rendered":"Zertifizierungen"},"content":{"rendered":"<h3>Gepr\u00fcfter Kr\u00e4uterf\u00fchrer<\/h3>\n<p>Die <span style=\"color: #ff00ff;\"><em><strong>AURINIA<\/strong><\/em><\/span>&#8211; Kr\u00e4uterschule- Franken mit Unterst\u00fctzung des Amtes f\u00fcr Ern\u00e4hrung,<br \/>\nLandwirtschaft und Forsten Aschaffenburg hat ein Lehrgang zum Gepr\u00fcften Kr\u00e4uterf\u00fchrer durchgef\u00fchrt.<br \/>\nReferent war der W\u00fcrzburger Diplom- Biologe Joachim G. Raftopoulo.<\/p>\n<p>Schwerpunktinhalte bei den 5 t\u00e4gigen Lehrgang waren:<\/p>\n<ul>\n<li>Bestimmung von Wildkr\u00e4utern<\/li>\n<li>Pflanzensystematik<\/li>\n<li>\u00d6kologie<\/li>\n<li>Naturschutz<\/li>\n<li>Biotopkunde<\/li>\n<li>Mythologie<\/li>\n<li>Brauchtum<\/li>\n<li>Anwendung von Wildkr\u00e4utern in der Volksheilkunde und in der K\u00fcche.<\/li>\n<\/ul>\n<p>Der Abschluss war eine schriftliche Pr\u00fcfung mit Zertifikat und eine praktische Gel\u00e4ndepr\u00fcfung im Naturraum Hundsbach. Zur Pr\u00fcfung geh\u00f6rte auch die Abgabe und Bewertung eines w\u00e4hrend des Lehrgangs erstellten Herbariums.<\/p>\n<h3>Zertifizierter Natur- und Landschaftsf\u00fchrer<\/h3>\n<p>Die bayerische Akademie f\u00fcr Naturschutz und Landschaftspflege (<img loading=\"lazy\" class=\"\" src=\"https:\/\/bernhards-botanik.de\/wp-content\/uploads\/2017\/12\/anl_logo_70.png\" alt=\"\" width=\"39\" height=\"21\">) hat vor mehreren Jahren den Lehrgang &#8222;Zertifizierte\/r Natur- und Landschaftsf\u00fchrer\/in (ZNL)&#8220; ins Leben gerufen. In diesem Text soll kurz darauf eingegangen werden.<\/p>\n<p>Ziel des Lehrgangs ist keine hauptberufliche T\u00e4tigkeit. Viel mehr richtet er sich haupts\u00e4chlich an Menschen die Freude daran haben, anderen Menschen die Sch\u00f6nheit ihrer Heimat zu offenbaren.<\/p>\n<p>In mindestens 70 Unterrichtsstunden werden grundlegende F\u00e4higkeiten vermittelt, zudem erh\u00e4lt man durch eine mehrteilige Abschlusspr\u00fcfung (praktisch und schriftlich) die Bef\u00e4higung, als Natur- und Landschaftsf\u00fchrer t\u00e4tig zu werden und die Bezeichnung f\u00fchren zu d\u00fcrfen.<\/p>\n<p>Im Rahmenstoffplan des Lehrgangs sind u.A. folgende Bereiche festgelegt:<br \/>\n* naturkundliche Grundlagen der Region (Naturr\u00e4ume, \u00d6kologie)<br \/>\n* Mensch &#8211; Kultur &#8211; Landschaft (regionale Geschichte, Landnutzung, regionale Wirtschaft, Naturschutz, Regionalkultur)<br \/>\n* Kommunikation und F\u00fchrungsdidaktik (inkl. Pr\u00e4sentationstechniken)<br \/>\n* Recht und Marketing (Rechtsgrundlagen Naturschutz, Betriebswirtschaftliche Fragen, Marktchancen)<\/p>\n<p>Meine Pr\u00fcfung habe ich im Naturraum Mainfr\u00e4nkischer Muschelkalk abgelegt und biete daher auch F\u00fchrungen f\u00fcr dieses Gebiet.<\/p>\n","protected":false},"excerpt":{"rendered":"<p>Gepr\u00fcfter Kr\u00e4uterf\u00fchrer Die AURINIA&#8211; Kr\u00e4uterschule- Franken mit Unterst\u00fctzung des Amtes f\u00fcr Ern\u00e4hrung, Landwirtschaft und Forsten Aschaffenburg hat ein Lehrgang zum Gepr\u00fcften Kr\u00e4uterf\u00fchrer durchgef\u00fchrt. Referent war der W\u00fcrzburger Diplom- Biologe Joachim G. Raftopoulo. Schwerpunktinhalte bei den 5 t\u00e4gigen Lehrgang waren: Bestimmung &hellip; <a href=\"https:\/\/bernhards-botanik.de\/?page_id=13\">Weiterlesen<\/a><\/p>\n","protected":false},"author":1,"featured_media":0,"parent":0,"menu_order":2,"comment_status":"closed","ping_status":"open","template":"","meta":{"ngg_post_thumbnail":0},"_links":{"self":[{"href":"https:\/\/bernhards-botanik.de\/index.php?rest_route=\/wp\/v2\/pages\/13"}],"collection":[{"href":"https:\/\/bernhards-botanik.de\/index.php?rest_route=\/wp\/v2\/pages"}],"about":[{"href":"https:\/\/bernhards-botanik.de\/index.php?rest_route=\/wp\/v2\/types\/page"}],"author":[{"embeddable":true,"href":"https:\/\/bernhards-botanik.de\/index.php?rest_route=\/wp\/v2\/users\/1"}],"replies":[{"embeddable":true,"href":"https:\/\/bernhards-botanik.de\/index.php?rest_route=%2Fwp%2Fv2%2Fcomments&post=13"}],"version-history":[{"count":11,"href":"https:\/\/bernhards-botanik.de\/index.php?rest_route=\/wp\/v2\/pages\/13\/revisions"}],"predecessor-version":[{"id":981,"href":"https:\/\/bernhards-botanik.de\/index.php?rest_route=\/wp\/v2\/pages\/13\/revisions\/981"}],"wp:attachment":[{"href":"https:\/\/bernhards-botanik.de\/index.php?rest_route=%2Fwp%2Fv2%2Fmedia&parent=13"}],"curies":[{"name":"wp","href":"https:\/\/api.w.org\/{rel}","templated":true}]}}