{"id":16,"date":"2010-09-17T11:13:57","date_gmt":"2010-09-17T11:13:57","guid":{"rendered":"http:\/\/bernhards-botanik.de\/?page_id=16"},"modified":"2017-12-10T17:43:14","modified_gmt":"2017-12-10T17:43:14","slug":"willkommen","status":"publish","type":"page","link":"https:\/\/bernhards-botanik.de\/","title":{"rendered":"Willkommen!"},"content":{"rendered":"<p><strong>Herzlich Willkommen auf meiner Internetpr\u00e4senz!<\/strong><\/p>\n<p>Ich lade Sie ein zu meinem fotografischen und botanischen Schaffen aus und in meiner Heimatstadt Karlstadt.<\/p>\n<p>Hier finden Sie den bestausgebildeten Volltrockenrasen Deutschlands.<br \/>\nEr ist von internationaler Bedeutung. Mit seinen 600 Farn- und Bl\u00fctenpflanzen (davon 110 Arten der roten Liste) z\u00e4hlen die Trockengebiete um Karlstadt zu den floristisch reichhaltigsten Nordbayerns (NSG Greinberg-Kalbenstein-Saupurzel).<\/p>\n<p>Mein \u201eRarit\u00e4tengarten\u201c bietet Pflanzen aus verschiedensten Naturlandschaften.<br \/>\nZudem m\u00f6chte ich ihnen Pflanzen, Tiere und Landschaften aus Naturlandschaften des Alpenraums vorstellen.<\/p>\n<p>Ich w\u00fcnsche Ihnen viel Freude beim fotografischen Rundgang (Galerie) und w\u00fcrde mich freuen, Sie einmal bei einer F\u00fchrung durch unsere einzigartige Natur begr\u00fc\u00dfen zu d\u00fcrfen. Aktuell geplante F\u00fchrungen werden auf dieser Website aufgelistet.<\/p>\n<p><em>Bernd Dill<\/em><br \/>\n<img loading=\"lazy\" class=\"\" src=\"https:\/\/bernhards-botanik.de\/wp-content\/uploads\/2017\/12\/anl_logo_70.png\" alt=\"\" width=\"43\" height=\"23\">  Zertifizierter Natur-, Landschafts- und Kr\u00e4uterf\u00fchrer<\/p>\n","protected":false},"excerpt":{"rendered":"<p>Herzlich Willkommen auf meiner Internetpr\u00e4senz! Ich lade Sie ein zu meinem fotografischen und botanischen Schaffen aus und in meiner Heimatstadt Karlstadt. Hier finden Sie den bestausgebildeten Volltrockenrasen Deutschlands. Er ist von internationaler Bedeutung. Mit seinen 600 Farn- und Bl\u00fctenpflanzen (davon &hellip; <a href=\"https:\/\/bernhards-botanik.de\/\">Weiterlesen<\/a><\/p>\n","protected":false},"author":1,"featured_media":0,"parent":0,"menu_order":0,"comment_status":"closed","ping_status":"open","template":"","meta":{"ngg_post_thumbnail":0},"_links":{"self":[{"href":"https:\/\/bernhards-botanik.de\/index.php?rest_route=\/wp\/v2\/pages\/16"}],"collection":[{"href":"https:\/\/bernhards-botanik.de\/index.php?rest_route=\/wp\/v2\/pages"}],"about":[{"href":"https:\/\/bernhards-botanik.de\/index.php?rest_route=\/wp\/v2\/types\/page"}],"author":[{"embeddable":true,"href":"https:\/\/bernhards-botanik.de\/index.php?rest_route=\/wp\/v2\/users\/1"}],"replies":[{"embeddable":true,"href":"https:\/\/bernhards-botanik.de\/index.php?rest_route=%2Fwp%2Fv2%2Fcomments&post=16"}],"version-history":[{"count":16,"href":"https:\/\/bernhards-botanik.de\/index.php?rest_route=\/wp\/v2\/pages\/16\/revisions"}],"predecessor-version":[{"id":980,"href":"https:\/\/bernhards-botanik.de\/index.php?rest_route=\/wp\/v2\/pages\/16\/revisions\/980"}],"wp:attachment":[{"href":"https:\/\/bernhards-botanik.de\/index.php?rest_route=%2Fwp%2Fv2%2Fmedia&parent=16"}],"curies":[{"name":"wp","href":"https:\/\/api.w.org\/{rel}","templated":true}]}}